{"id":6,"date":"2025-12-09T10:18:12","date_gmt":"2025-12-09T10:18:12","guid":{"rendered":"https:\/\/dotykwiary.pl\/?page_id=6"},"modified":"2025-12-09T10:25:48","modified_gmt":"2025-12-09T10:25:48","slug":"slowo-boze-na-dzis","status":"publish","type":"page","link":"https:\/\/dotykwiary.pl\/?page_id=6","title":{"rendered":"S\u0142owo Bo\u017ce na dzi\u015b"},"content":{"rendered":"\n<p>Witaj na naszej stronie!<\/p>\n\n\n\n<p>Tutaj znajdziesz codzienne czytania z Mszy \u015awi\u0119tej wed\u0142ug Ko\u015bcio\u0142a Katolickiego.<\/p>\n\n\n<style>.daily-readings-wrapper h4.daily-readings-reading-heading {color: ;}<\/style><script> \n                        let DR_CONFIGS = {\n                            \"rite\": \"PL\",\n                            \"timeZone\": \"+1 hour\",\n                            \"targetDate\": \"20260427\",\n                            \"firstLecture\": \"First Reading\",\n                            \"psalm\": \"Psalm\",\n                            \"secondLecture\": \"Second Reading\",\n                            \"gospel\": \"Gospel\",\n                            \"noReadings\": \"No readings available\",\"hideFirstLecture\": true,\"hidePsalm\": false,\"hideSecondLecture\": false,\"hideGospel\": false}<\/script><div class=\"daily-readings-wrapper\"><br>\n                        <p class=\"daily-readings-datepicker\">\n                            <span>Select date<\/span>\n                            <input type=\"hidden\" id=\"datepicker\">\n                        <\/p><div id=\"direction-wrapper\" dir=\"ltr\" ><h3 class=\"daily-readings-date\">Poniedzia\u0142ek IV tygodnia Okresu Wielkanocnego<\/h3><div id=\"epistleReading\" class=\"reading-wrapper\"><\/div><div id=\"firstReading\" class=\"reading-wrapper\"><\/div><div id=\"psalmReading\" class=\"reading-wrapper\"><h4 class=\"daily-readings-reading-heading\">Ksi\u0119ga Psalm\u00f3w <font dir=\"ltr\">42(41),2-3.43(42),3.4.<\/font><\/h4><div class=\"daily-readings-reading\">Jak \u0142ania pragnie wody ze strumieni, <br \/>\r\ntak dusza moja pragnie Ciebie, Bo\u017ce.<br \/>\nDusza moja Boga pragnie, Boga \u017cywego, <br \/>\r\nkiedy\u017c wi\u0119c przyjd\u0119 i ujrz\u0119 oblicze Bo\u017ce?<br \/>\n<br \/>\nZe\u015blij \u015bwiat\u0142o\u015b\u0107 i wierno\u015b\u0107 swoj\u0105, <br \/>\r\nniech one mnie wiod\u0105, <br \/>\r\nniech mnie zaprowadz\u0105 na Tw\u0105 g\u00f3r\u0119 \u015bwi\u0119t\u0105 <br \/>\r\ni do Twoich przybytk\u00f3w.<br \/>\n<br \/>\nI przyst\u0105pi\u0119 do o\u0142tarza Bo\u017cego, <br \/>\r\ndo Boga, kt\u00f3ry jest moim weselem i rado\u015bci\u0105, <br \/>\r\ni b\u0119d\u0119 Ci\u0119 wielbi\u0142 przy d\u017awi\u0119kach lutni, <br \/>\r\nBo\u017ce, m\u00f3j Bo\u017ce!\n<br \/><br \/>\n<\/div><\/div><div id=\"secondReading\" class=\"reading-wrapper\"><\/div><div id=\"gospelReading\" class=\"reading-wrapper\"><h4 class=\"daily-readings-reading-heading\">Ewangelia wg \u015bw. Jana <font dir=\"ltr\">10,11-18.<\/font><\/h4><div class=\"daily-readings-reading\">Jezus powiedzia\u0142: \u00abJa jestem dobrym pasterzem. Dobry pasterz daje \u017cycie swoje za owce.<br \/>\nNajemnik za\u015b i ten, kto nie jest pasterzem, kt\u00f3rego owce nie s\u0105 w\u0142asno\u015bci\u0105, widz\u0105c nadchodz\u0105cego wilka, opuszcza owce i ucieka, a wilk je porywa i rozprasza;<br \/>\nnajemnik ucieka, dlatego \u017ce jest najemnikiem i nie zale\u017cy mu na owcach.<br \/>\nJa jestem dobrym pasterzem i znam owce moje, a moje Mnie znaj\u0105,<br \/>\npodobnie jak Mnie zna Ojciec, a Ja znam Ojca. \u017bycie moje oddaj\u0119 za owce.<br \/>\nMam tak\u017ce inne owce, kt\u00f3re nie s\u0105 z tej owczarni. I te musz\u0119 przyprowadzi\u0107 i b\u0119d\u0105 s\u0142ucha\u0107 g\u0142osu mego, i nastanie jedna owczarnia, jeden pasterz\u00bb.<br \/>\nDlatego mi\u0142uje Mnie Ojciec, bo Ja \u017cycie moje oddaj\u0119, aby je zn\u00f3w odzyska\u0107.<br \/>\nNikt Mi go nie zabiera, lecz Ja od siebie je oddaj\u0119. Mam moc je odda\u0107 i mam moc je zn\u00f3w odzyska\u0107. Taki nakaz otrzyma\u0142em od mojego Ojca\u00bb.\n<br \/><br \/>\n<br \/>Fragment liturgicznego t\u0142umaczenia Biblii Tysi\u0105clecia, \u00a9 Wydawnictwo Pallottinum\n<br \/>By codziennie mogli Pa\u0144stwo otrzymywa\u0107 tekst Ewangelii, prosimy si\u0119 zarejestrowa\u0107 : <a href=\"https:\/\/ewangelia.org\/PL\/gospel\">ewangelia.org<\/a><\/div><\/div><\/div><\/div>\n\n\n\n<p>M\u00f3dl si\u0119 razem z Ko\u015bcio\u0142em na ca\u0142ym \u015bwiecie.<\/p>\n\n\n\n<p><\/p>\n","protected":false},"excerpt":{"rendered":"<p>Witaj na naszej stronie! Tutaj znajdziesz codzienne czytania z Mszy \u015awi\u0119tej wed\u0142ug Ko\u015bcio\u0142a Katolickiego. M\u00f3dl si\u0119 razem z Ko\u015bcio\u0142em na ca\u0142ym \u015bwiecie.<\/p>\n","protected":false},"author":1,"featured_media":0,"parent":0,"menu_order":0,"comment_status":"closed","ping_status":"closed","template":"","meta":{"footnotes":""},"class_list":["post-6","page","type-page","status-publish","hentry"],"_links":{"self":[{"href":"https:\/\/dotykwiary.pl\/index.php?rest_route=\/wp\/v2\/pages\/6","targetHints":{"allow":["GET"]}}],"collection":[{"href":"https:\/\/dotykwiary.pl\/index.php?rest_route=\/wp\/v2\/pages"}],"about":[{"href":"https:\/\/dotykwiary.pl\/index.php?rest_route=\/wp\/v2\/types\/page"}],"author":[{"embeddable":true,"href":"https:\/\/dotykwiary.pl\/index.php?rest_route=\/wp\/v2\/users\/1"}],"replies":[{"embeddable":true,"href":"https:\/\/dotykwiary.pl\/index.php?rest_route=%2Fwp%2Fv2%2Fcomments&post=6"}],"version-history":[{"count":7,"href":"https:\/\/dotykwiary.pl\/index.php?rest_route=\/wp\/v2\/pages\/6\/revisions"}],"predecessor-version":[{"id":15,"href":"https:\/\/dotykwiary.pl\/index.php?rest_route=\/wp\/v2\/pages\/6\/revisions\/15"}],"wp:attachment":[{"href":"https:\/\/dotykwiary.pl\/index.php?rest_route=%2Fwp%2Fv2%2Fmedia&parent=6"}],"curies":[{"name":"wp","href":"https:\/\/api.w.org\/{rel}","templated":true}]}}